{"id":2409,"date":"2024-04-29T20:04:55","date_gmt":"2024-04-29T15:04:55","guid":{"rendered":"https:\/\/pauljhudson.com\/accueil\/"},"modified":"2025-07-22T19:46:18","modified_gmt":"2025-07-22T14:46:18","slug":"accueil","status":"publish","type":"page","link":"https:\/\/pauljhudson.com\/fr\/","title":{"rendered":"Accueil"},"content":{"rendered":"\n<div class=\"is-style-default wp-block-group alignfull has-contrast-3-background-color has-background has-global-padding is-layout-constrained wp-container-core-group-is-layout-8f39493d wp-block-group-is-layout-constrained\" style=\"margin-top:0;margin-bottom:0;padding-top:var(--wp--preset--spacing--40);padding-right:var(--wp--preset--spacing--40);padding-bottom:var(--wp--preset--spacing--40);padding-left:var(--wp--preset--spacing--40)\">\n<div class=\"wp-block-columns alignwide are-vertically-aligned-center is-layout-flex wp-container-core-columns-is-layout-28f84493 wp-block-columns-is-layout-flex\">\n<div class=\"wp-block-column is-vertically-aligned-center is-layout-flow wp-block-column-is-layout-flow\">\n<h2 class=\"wp-block-heading has-accent-2-color has-text-color has-link-color wp-elements-ce46bc01128d958f2f7aa77eb434b993\" id=\"h-bienvenue\">Bienvenue !<\/h2>\n\n\n\n<p class=\"has-base-2-color has-text-color has-link-color wp-elements-95822f8e93514f8894346836c7be8af6\">Bonjour, je suis Paul, l&#8217;auteur de <em>Healthcare and the Mission of God<\/em>. J&#8217;ai pass\u00e9 plus de trente ans \u00e0 travailler comme m\u00e9decin et \u00e9pid\u00e9miologiste en \u00c9thiopie, au N\u00e9pal et en Tha\u00eflande. Aujourd&#8217;hui, j&#8217;ai l&#8217;occasion de soutenir des professionnels de la sant\u00e9 dans le monde entier. J&#8217;ai \u00e9t\u00e9 t\u00e9moin des hauts et des bas de la fusion des soins m\u00e9dicaux et du minist\u00e8re chr\u00e9tien. Mon livre et ce site web ont pour but d&#8217;entamer une conversation sur la mani\u00e8re dont nous pouvons mieux aligner notre travail sur la mission de Dieu.<\/p>\n\n\n\n<p class=\"has-base-2-color has-text-color has-link-color wp-elements-99a0744ffbbf8aa9a4b877636253d74e\">Jetez un coup d&#8217;\u0153il \u00e0 <a href=\"https:\/\/pauljhudson.com\/fr\/livre\/\">mon livre<\/a> et \u00e0 <a href=\"https:\/\/pauljhudson.com\/fr\/blog\/\">mon blog &#8211; j&#8217;ai<\/a>h\u00e2te d&#8217;avoir de <a href=\"https:\/\/pauljhudson.com\/fr\/contact\/\">vos nouvelles<\/a>.<\/p>\n\n\n\n<div style=\"height:10px\" aria-hidden=\"true\" class=\"wp-block-spacer\"><\/div>\n\n\n\n<div class=\"wp-block-buttons is-layout-flex wp-block-buttons-is-layout-flex\">\n<div class=\"wp-block-button\"><a class=\"wp-block-button__link has-contrast-3-color has-accent-2-background-color has-text-color has-background has-link-color wp-element-button\" href=\"https:\/\/pauljhudson.com\/fr\/a-propos-de-paul\/\">Pour en savoir plus &gt;&gt;<\/a><\/div>\n<\/div>\n<\/div>\n\n\n\n<div class=\"wp-block-column is-vertically-aligned-center is-layout-flow wp-block-column-is-layout-flow\">\n<figure class=\"wp-block-image aligncenter size-full is-resized has-custom-border\"><img data-recalc-dims=\"1\" decoding=\"async\" width=\"862\" height=\"1000\" loading=\"lazy\" src=\"https:\/\/i0.wp.com\/pauljhudson.com\/wp-content\/uploads\/2024\/04\/pjh-headshot.jpg?resize=862%2C1000&#038;ssl=1\" alt=\"\" class=\"wp-image-39\" style=\"border-style:none;border-width:0px;border-radius:100px;width:336px;height:auto\" srcset=\"https:\/\/i0.wp.com\/pauljhudson.com\/wp-content\/uploads\/2024\/04\/pjh-headshot.jpg?w=862&amp;ssl=1 862w, https:\/\/i0.wp.com\/pauljhudson.com\/wp-content\/uploads\/2024\/04\/pjh-headshot.jpg?resize=259%2C300&amp;ssl=1 259w, https:\/\/i0.wp.com\/pauljhudson.com\/wp-content\/uploads\/2024\/04\/pjh-headshot.jpg?resize=768%2C891&amp;ssl=1 768w\" sizes=\"auto, (max-width: 862px) 100vw, 862px\" \/><\/figure>\n\n\n\n<ul class=\"is-style-logos-only wp-block-social-links has-large-icon-size has-icon-color is-horizontal is-content-justification-center is-layout-flex wp-container-core-social-links-is-layout-03627597 wp-block-social-links-is-layout-flex\"><li style=\"color:#e2c18f;\" class=\"wp-social-link wp-social-link-facebook has-accent-2-color wp-block-social-link\"><a rel=\"noopener nofollow\" target=\"_blank\" href=\"https:\/\/facebook.com\/authorpauljhudson\" class=\"wp-block-social-link-anchor\"><svg width=\"24\" height=\"24\" viewBox=\"0 0 24 24\" version=\"1.1\" xmlns=\"http:\/\/www.w3.org\/2000\/svg\" aria-hidden=\"true\" focusable=\"false\"><path d=\"M12 2C6.5 2 2 6.5 2 12c0 5 3.7 9.1 8.4 9.9v-7H7.9V12h2.5V9.8c0-2.5 1.5-3.9 3.8-3.9 1.1 0 2.2.2 2.2.2v2.5h-1.3c-1.2 0-1.6.8-1.6 1.6V12h2.8l-.4 2.9h-2.3v7C18.3 21.1 22 17 22 12c0-5.5-4.5-10-10-10z\"><\/path><\/svg><span class=\"wp-block-social-link-label screen-reader-text\">Facebook<\/span><\/a><\/li>\n\n<li style=\"color:#e2c18f;\" class=\"wp-social-link wp-social-link-x has-accent-2-color wp-block-social-link\"><a rel=\"noopener nofollow\" target=\"_blank\" href=\"https:\/\/twitter.com\/PaulHudsonMD\" class=\"wp-block-social-link-anchor\"><svg width=\"24\" height=\"24\" viewBox=\"0 0 24 24\" version=\"1.1\" xmlns=\"http:\/\/www.w3.org\/2000\/svg\" aria-hidden=\"true\" focusable=\"false\"><path d=\"M13.982 10.622 20.54 3h-1.554l-5.693 6.618L8.745 3H3.5l6.876 10.007L3.5 21h1.554l6.012-6.989L15.868 21h5.245l-7.131-10.378Zm-2.128 2.474-.697-.997-5.543-7.93H8l4.474 6.4.697.996 5.815 8.318h-2.387l-4.745-6.787Z\" \/><\/svg><span class=\"wp-block-social-link-label screen-reader-text\">X<\/span><\/a><\/li>\n\n<li style=\"color:#e2c18f;\" class=\"wp-social-link wp-social-link-linkedin has-accent-2-color wp-block-social-link\"><a rel=\"noopener nofollow\" target=\"_blank\" href=\"https:\/\/www.linkedin.com\/in\/paul-j-hudson-1a13649a\/\" class=\"wp-block-social-link-anchor\"><svg width=\"24\" height=\"24\" viewBox=\"0 0 24 24\" version=\"1.1\" xmlns=\"http:\/\/www.w3.org\/2000\/svg\" aria-hidden=\"true\" focusable=\"false\"><path d=\"M19.7,3H4.3C3.582,3,3,3.582,3,4.3v15.4C3,20.418,3.582,21,4.3,21h15.4c0.718,0,1.3-0.582,1.3-1.3V4.3 C21,3.582,20.418,3,19.7,3z M8.339,18.338H5.667v-8.59h2.672V18.338z M7.004,8.574c-0.857,0-1.549-0.694-1.549-1.548 c0-0.855,0.691-1.548,1.549-1.548c0.854,0,1.547,0.694,1.547,1.548C8.551,7.881,7.858,8.574,7.004,8.574z M18.339,18.338h-2.669 v-4.177c0-0.996-0.017-2.278-1.387-2.278c-1.389,0-1.601,1.086-1.601,2.206v4.249h-2.667v-8.59h2.559v1.174h0.037 c0.356-0.675,1.227-1.387,2.526-1.387c2.703,0,3.203,1.779,3.203,4.092V18.338z\"><\/path><\/svg><span class=\"wp-block-social-link-label screen-reader-text\">LinkedIn<\/span><\/a><\/li><\/ul>\n<\/div>\n<\/div>\n<\/div>\n\n\n\n<div class=\"wp-block-columns alignfull has-base-2-background-color has-background is-layout-flex wp-container-core-columns-is-layout-75b53f7b wp-block-columns-is-layout-flex\" style=\"padding-top:var(--wp--preset--spacing--40);padding-right:var(--wp--preset--spacing--40);padding-bottom:var(--wp--preset--spacing--30);padding-left:var(--wp--preset--spacing--40)\">\n<div class=\"wp-block-column is-layout-flow wp-block-column-is-layout-flow\">\n<figure class=\"wp-block-image size-full is-resized\"><img decoding=\"async\" width=\"1750\" height=\"2482\" loading=\"lazy\" src=\"https:\/\/i0.wp.com\/pauljhudson.com\/wp-content\/uploads\/2025\/07\/9798992775419_Les-soins-de-sante-et-la-mission-de-Dieu-FRONT-JPEG.webp?fit=1750%2C2482&amp;ssl=1\" alt=\"\" class=\"wp-image-2635\" style=\"box-shadow:none;object-fit:cover;width:585px;height:auto\" srcset=\"https:\/\/i0.wp.com\/pauljhudson.com\/wp-content\/uploads\/2025\/07\/9798992775419_Les-soins-de-sante-et-la-mission-de-Dieu-FRONT-JPEG.webp?w=1750&amp;ssl=1 1750w, https:\/\/i0.wp.com\/pauljhudson.com\/wp-content\/uploads\/2025\/07\/9798992775419_Les-soins-de-sante-et-la-mission-de-Dieu-FRONT-JPEG.webp?resize=212%2C300&amp;ssl=1 212w, https:\/\/i0.wp.com\/pauljhudson.com\/wp-content\/uploads\/2025\/07\/9798992775419_Les-soins-de-sante-et-la-mission-de-Dieu-FRONT-JPEG.webp?resize=722%2C1024&amp;ssl=1 722w, https:\/\/i0.wp.com\/pauljhudson.com\/wp-content\/uploads\/2025\/07\/9798992775419_Les-soins-de-sante-et-la-mission-de-Dieu-FRONT-JPEG.webp?resize=768%2C1089&amp;ssl=1 768w, https:\/\/i0.wp.com\/pauljhudson.com\/wp-content\/uploads\/2025\/07\/9798992775419_Les-soins-de-sante-et-la-mission-de-Dieu-FRONT-JPEG.webp?resize=1083%2C1536&amp;ssl=1 1083w, https:\/\/i0.wp.com\/pauljhudson.com\/wp-content\/uploads\/2025\/07\/9798992775419_Les-soins-de-sante-et-la-mission-de-Dieu-FRONT-JPEG.webp?resize=1444%2C2048&amp;ssl=1 1444w\" sizes=\"auto, (max-width: 1000px) 100vw, 1000px\" \/><\/figure>\n<\/div>\n\n\n\n<div class=\"wp-block-column is-layout-flow wp-block-column-is-layout-flow\" style=\"padding-top:1.5rem;padding-bottom:1.5rem\">\n<h2 class=\"wp-block-heading\" id=\"h-les-soins-de-sante-et-la-mission-de-dieu\">Les soins de sant\u00e9 et la mission de Dieu<\/h2>\n\n\n\n<h4 class=\"wp-block-heading\" id=\"h-trouver-la-joie-dans-le-creuset-du-ministere\">Trouver la joie dans le creuset du minist\u00e8re<\/h4>\n\n\n\n<p class=\"\">Soins de sant\u00e9 et mission de Dieu : quel rapport ? Parfois, ils se compl\u00e8tent, parfois ils se concurrencent. Ce livre explore les joies et les d\u00e9fis des soins de sant\u00e9 chr\u00e9tiens. Il pr\u00e9sente des le\u00e7ons tir\u00e9es de la Bible et de l&#8217;histoire qui nous aident \u00e0 \u00e9viter les \u0153ill\u00e8res culturelles. Il offre une perspective int\u00e9gr\u00e9e et nouvelle aux professionnels de la sant\u00e9 et \u00e0 tous ceux qui veulent glorifier Dieu dans leur travail. Il vise \u00e0 faire du minist\u00e8re des soins de sant\u00e9 un plaisir !<\/p>\n\n\n\n<div class=\"wp-block-buttons is-layout-flex wp-block-buttons-is-layout-flex\">\n<div class=\"wp-block-button\"><a class=\"wp-block-button__link wp-element-button\" href=\"https:\/\/pauljhudson.com\/fr\/livre\/#retailerbar\">Acheter<\/a><\/div>\n<\/div>\n<\/div>\n<\/div>\n\n\n\n<div class=\"wp-block-group alignfull has-contrast-2-background-color has-background has-global-padding is-layout-constrained wp-block-group-is-layout-constrained\" style=\"padding-top:var(--wp--preset--spacing--30);padding-bottom:var(--wp--preset--spacing--30)\">\n<h2 class=\"wp-block-heading has-text-align-center has-base-2-color has-text-color has-link-color wp-elements-131f90f33224b008e2d747a3af19dacf\" id=\"h-blog\">Blog<\/h2>\n<\/div>\n\n\n\n<div class=\"nfd-container nfd-my-0 nfd-p-md is-style-nfd-theme-light wp-block-group alignfull has-black-color has-text-color has-link-color wp-elements-7dc19011bf8067d2fabc92aec851d88b is-layout-flow wp-block-group-is-layout-flow\" style=\"padding-top:var(--wp--preset--spacing--30);padding-right:var(--wp--preset--spacing--30);padding-bottom:var(--wp--preset--spacing--30);padding-left:var(--wp--preset--spacing--30)\">\n<div class=\"wp-block-columns is-layout-flex wp-container-core-columns-is-layout-28f84493 wp-block-columns-is-layout-flex\">\n<div class=\"wp-block-column is-layout-flow wp-block-column-is-layout-flow\" style=\"flex-basis:100%\"><ul style=\"padding-top:var(--wp--preset--spacing--10);padding-bottom:var(--wp--preset--spacing--10);padding-left:0;padding-right:0;margin-right:0;margin-left:0;\" class=\"wp-block-latest-posts__list is-grid columns-3 has-dates has-author wp-block-latest-posts has-medium-font-size\"><li><a class=\"wp-block-latest-posts__post-title\" href=\"https:\/\/pauljhudson.com\/fr\/quel-livre-sur-la-foi-et-la-sante-devriez-vous-lire-en-premier-un-guide-pour-les-curieux\/\">Quel livre sur la foi et la sant\u00e9 devriez-vous lire en premier ? Un guide pour les curieux<\/a><div class=\"wp-block-latest-posts__post-author\">par Paul Hudson<\/div><time datetime=\"2026-03-25T19:16:41+05:00\" class=\"wp-block-latest-posts__post-date\">25 mars 2026<\/time><div class=\"wp-block-latest-posts__post-excerpt\">Dieu a cr\u00e9\u00e9 les \u00eatres humains comme des personnes \u00e0 part enti\u00e8re, et non comme des parties. J\u00e9sus est mort pour sauver des personnes enti\u00e8res. Les\u2026 <a class=\"wp-block-latest-posts__read-more\" href=\"https:\/\/pauljhudson.com\/fr\/quel-livre-sur-la-foi-et-la-sante-devriez-vous-lire-en-premier-un-guide-pour-les-curieux\/\" rel=\"noopener noreferrer\">Lire la suite<span class=\"screen-reader-text\">\u00a0: Quel livre sur la foi et la sant\u00e9 devriez-vous lire en premier ? Un guide pour les curieux<\/span><\/a><\/div><\/li>\n<li><a class=\"wp-block-latest-posts__post-title\" href=\"https:\/\/pauljhudson.com\/fr\/lecons-tirees-de-huit-annees-de-mission-medicale-en-afrique\/\">Le\u00e7ons tir\u00e9es de huit ann\u00e9es de mission m\u00e9dicale en Afrique<\/a><div class=\"wp-block-latest-posts__post-author\">par Paul Hudson<\/div><time datetime=\"2026-01-30T01:19:37+05:00\" class=\"wp-block-latest-posts__post-date\">30 janvier 2026<\/time><div class=\"wp-block-latest-posts__post-excerpt\">Voici un courriel d&#8217;un couple de m\u00e9decins am\u00e9ricains qui travaille en Afrique depuis huit ans. Ils m&#8217;ont donn\u00e9 la permission de partager leurs r\u00e9flexions apr\u00e8s une\u2026 <a class=\"wp-block-latest-posts__read-more\" href=\"https:\/\/pauljhudson.com\/fr\/lecons-tirees-de-huit-annees-de-mission-medicale-en-afrique\/\" rel=\"noopener noreferrer\">Lire la suite<span class=\"screen-reader-text\">\u00a0: Le\u00e7ons tir\u00e9es de huit ann\u00e9es de mission m\u00e9dicale en Afrique<\/span><\/a><\/div><\/li>\n<li><a class=\"wp-block-latest-posts__post-title\" href=\"https:\/\/pauljhudson.com\/fr\/la-presence-de-dieu-avec-nous\/\">La pr\u00e9sence de Dieu avec nous<\/a><div class=\"wp-block-latest-posts__post-author\">par Paul Hudson<\/div><time datetime=\"2025-12-21T03:54:47+05:00\" class=\"wp-block-latest-posts__post-date\">21 d\u00e9cembre 2025<\/time><div class=\"wp-block-latest-posts__post-excerpt\">&#8220;Ce qui \u00e9tait d\u00e8s le commencement, ce que nous avons entendu, ce que nous avons vu de nos yeux, ce que nous avons contempl\u00e9 et que\u2026 <a class=\"wp-block-latest-posts__read-more\" href=\"https:\/\/pauljhudson.com\/fr\/la-presence-de-dieu-avec-nous\/\" rel=\"noopener noreferrer\">Lire la suite<span class=\"screen-reader-text\">\u00a0: La pr\u00e9sence de Dieu avec nous<\/span><\/a><\/div><\/li>\n<\/ul><\/div>\n<\/div>\n\n\n\n<div class=\"wp-block-buttons is-content-justification-center is-layout-flex wp-container-core-buttons-is-layout-a89b3969 wp-block-buttons-is-layout-flex\">\n<div class=\"wp-block-button\"><a class=\"wp-block-button__link wp-element-button\" href=\"https:\/\/pauljhudson.com\/fr\/blog\/\">Pour en savoir plus, consultez le blog &gt;&gt;.<\/a><\/div>\n<\/div>\n<\/div>\n","protected":false},"excerpt":{"rendered":"<p>Bienvenue ! Bonjour, je suis Paul, l&#8217;auteur de Healthcare and the Mission of God. J&#8217;ai pass\u00e9 plus de trente ans \u00e0 travailler comme m\u00e9decin et \u00e9pid\u00e9miologiste en \u00c9thiopie, au N\u00e9pal et en Tha\u00eflande. Aujourd&#8217;hui, j&#8217;ai l&#8217;occasion de soutenir des professionnels de la sant\u00e9 dans le monde entier. J&#8217;ai \u00e9t\u00e9 t\u00e9moin des hauts et des bas [&hellip;]<\/p>\n","protected":false},"author":6,"featured_media":0,"parent":0,"menu_order":0,"comment_status":"closed","ping_status":"closed","template":"","meta":{"nf_dc_page":"","footnotes":""},"class_list":["post-2409","page","type-page","status-publish","hentry"],"yoast_head":"<!-- This site is optimized with the Yoast SEO Premium plugin v27.0 (Yoast SEO v27.4) - https:\/\/yoast.com\/product\/yoast-seo-premium-wordpress\/ -->\n<title>Accueil - Healthcare and the Mission of God<\/title>\n<meta name=\"description\" content=\"Vous cherchez des liens entre les soins de sant\u00e9 et la mission chr\u00e9tienne ? Apprenez comment la m\u00e9decine et l&#039;\u00e9vangile sont int\u00e9gr\u00e9s. La formation de disciples est essentielle.\" \/>\n<meta name=\"robots\" content=\"index, follow, max-snippet:-1, max-image-preview:large, max-video-preview:-1\" \/>\n<link rel=\"canonical\" href=\"https:\/\/pauljhudson.com\/fr\/\" \/>\n<meta property=\"og:locale\" content=\"fr_FR\" \/>\n<meta property=\"og:type\" content=\"article\" \/>\n<meta property=\"og:title\" content=\"Accueil\" \/>\n<meta property=\"og:description\" content=\"Vous cherchez des liens entre les soins de sant\u00e9 et la mission chr\u00e9tienne ? Apprenez comment la m\u00e9decine et l&#039;\u00e9vangile sont int\u00e9gr\u00e9s. La formation de disciples est essentielle.\" \/>\n<meta property=\"og:url\" content=\"https:\/\/pauljhudson.com\/fr\/\" \/>\n<meta property=\"og:site_name\" content=\"Healthcare and the Mission of God\" \/>\n<meta property=\"article:publisher\" content=\"https:\/\/www.facebook.com\/authorpauljhudson\" \/>\n<meta property=\"article:modified_time\" content=\"2025-07-22T14:46:18+00:00\" \/>\n<meta property=\"og:image\" content=\"https:\/\/pauljhudson.com\/wp-content\/uploads\/2024\/04\/pjh-headshot.jpg\" \/>\n<meta name=\"twitter:card\" content=\"summary_large_image\" \/>\n<meta name=\"twitter:site\" content=\"@PaulHudsonMD\" \/>\n<meta name=\"twitter:label1\" content=\"Dur\u00e9e de lecture estim\u00e9e\" \/>\n\t<meta name=\"twitter:data1\" content=\"2 minutes\" \/>\n<script type=\"application\/ld+json\" class=\"yoast-schema-graph\">{\"@context\":\"https:\\\/\\\/schema.org\",\"@graph\":[{\"@type\":\"WebPage\",\"@id\":\"https:\\\/\\\/pauljhudson.com\\\/fr\\\/\",\"url\":\"https:\\\/\\\/pauljhudson.com\\\/fr\\\/\",\"name\":\"Accueil - Healthcare and the Mission of God\",\"isPartOf\":{\"@id\":\"https:\\\/\\\/pauljhudson.com\\\/fr\\\/#website\"},\"primaryImageOfPage\":{\"@id\":\"https:\\\/\\\/pauljhudson.com\\\/fr\\\/#primaryimage\"},\"image\":{\"@id\":\"https:\\\/\\\/pauljhudson.com\\\/fr\\\/#primaryimage\"},\"thumbnailUrl\":\"https:\\\/\\\/pauljhudson.com\\\/wp-content\\\/uploads\\\/2024\\\/04\\\/pjh-headshot.jpg\",\"datePublished\":\"2024-04-29T15:04:55+00:00\",\"dateModified\":\"2025-07-22T14:46:18+00:00\",\"description\":\"Vous cherchez des liens entre les soins de sant\u00e9 et la mission chr\u00e9tienne ? Apprenez comment la m\u00e9decine et l'\u00e9vangile sont int\u00e9gr\u00e9s. La formation de disciples est essentielle.\",\"breadcrumb\":{\"@id\":\"https:\\\/\\\/pauljhudson.com\\\/fr\\\/#breadcrumb\"},\"inLanguage\":\"fr-FR\",\"potentialAction\":[{\"@type\":\"ReadAction\",\"target\":[\"https:\\\/\\\/pauljhudson.com\\\/fr\\\/\"]}]},{\"@type\":\"ImageObject\",\"inLanguage\":\"fr-FR\",\"@id\":\"https:\\\/\\\/pauljhudson.com\\\/fr\\\/#primaryimage\",\"url\":\"https:\\\/\\\/pauljhudson.com\\\/wp-content\\\/uploads\\\/2024\\\/04\\\/pjh-headshot.jpg\",\"contentUrl\":\"https:\\\/\\\/pauljhudson.com\\\/wp-content\\\/uploads\\\/2024\\\/04\\\/pjh-headshot.jpg\"},{\"@type\":\"BreadcrumbList\",\"@id\":\"https:\\\/\\\/pauljhudson.com\\\/fr\\\/#breadcrumb\",\"itemListElement\":[{\"@type\":\"ListItem\",\"position\":1,\"name\":\"Home\",\"item\":\"https:\\\/\\\/pauljhudson.com\\\/fr\\\/\"},{\"@type\":\"ListItem\",\"position\":2,\"name\":\"Accueil\"}]},{\"@type\":\"WebSite\",\"@id\":\"https:\\\/\\\/pauljhudson.com\\\/fr\\\/#website\",\"url\":\"https:\\\/\\\/pauljhudson.com\\\/fr\\\/\",\"name\":\"Healthcare and the Mission of God\",\"description\":\"Serving at the intersection of healthcare and missions\",\"publisher\":{\"@id\":\"https:\\\/\\\/pauljhudson.com\\\/fr\\\/#\\\/schema\\\/person\\\/7619fcad8fc925c71afb56d9a743273e\"},\"potentialAction\":[{\"@type\":\"SearchAction\",\"target\":{\"@type\":\"EntryPoint\",\"urlTemplate\":\"https:\\\/\\\/pauljhudson.com\\\/fr\\\/?s={search_term_string}\"},\"query-input\":{\"@type\":\"PropertyValueSpecification\",\"valueRequired\":true,\"valueName\":\"search_term_string\"}}],\"inLanguage\":\"fr-FR\"},{\"@type\":[\"Person\",\"Organization\"],\"@id\":\"https:\\\/\\\/pauljhudson.com\\\/fr\\\/#\\\/schema\\\/person\\\/7619fcad8fc925c71afb56d9a743273e\",\"name\":\"Paul Hudson\",\"image\":{\"@type\":\"ImageObject\",\"inLanguage\":\"fr-FR\",\"@id\":\"https:\\\/\\\/i0.wp.com\\\/pauljhudson.com\\\/wp-content\\\/uploads\\\/2024\\\/05\\\/PJHudsonLogo_full-color_Initials.png?fit=648%2C751&ssl=1\",\"url\":\"https:\\\/\\\/i0.wp.com\\\/pauljhudson.com\\\/wp-content\\\/uploads\\\/2024\\\/05\\\/PJHudsonLogo_full-color_Initials.png?fit=648%2C751&ssl=1\",\"contentUrl\":\"https:\\\/\\\/i0.wp.com\\\/pauljhudson.com\\\/wp-content\\\/uploads\\\/2024\\\/05\\\/PJHudsonLogo_full-color_Initials.png?fit=648%2C751&ssl=1\",\"width\":648,\"height\":751,\"caption\":\"Paul Hudson\"},\"logo\":{\"@id\":\"https:\\\/\\\/i0.wp.com\\\/pauljhudson.com\\\/wp-content\\\/uploads\\\/2024\\\/05\\\/PJHudsonLogo_full-color_Initials.png?fit=648%2C751&ssl=1\"},\"description\":\"I am a physician and epidemiologist who has served in Ethiopia, Nepal, and Thailand over the last three decades. I\u2019ve also had the privilege of helping other medical professionals who serve around the globe. I\u2019ve seen both the blessings and the challenges of these ministries. I invite you to a conversation about how we can better align our work with God\u2019s.\",\"sameAs\":[\"https:\\\/\\\/pauljhudson.com\",\"https:\\\/\\\/www.facebook.com\\\/authorpauljhudson\",\"https:\\\/\\\/www.linkedin.com\\\/in\\\/paul-j-hudson-1a13649a\\\/\",\"https:\\\/\\\/x.com\\\/https:\\\/\\\/x.com\\\/PaulHudsonMD\"],\"gender\":\"Male\",\"publishingPrinciples\":\"https:\\\/\\\/pauljhudson.com\\\/home\\\/\"}]}<\/script>\n<!-- \/ Yoast SEO Premium plugin. -->","yoast_head_json":{"title":"Accueil - Healthcare and the Mission of God","description":"Vous cherchez des liens entre les soins de sant\u00e9 et la mission chr\u00e9tienne ? Apprenez comment la m\u00e9decine et l'\u00e9vangile sont int\u00e9gr\u00e9s. La formation de disciples est essentielle.","robots":{"index":"index","follow":"follow","max-snippet":"max-snippet:-1","max-image-preview":"max-image-preview:large","max-video-preview":"max-video-preview:-1"},"canonical":"https:\/\/pauljhudson.com\/fr\/","og_locale":"fr_FR","og_type":"article","og_title":"Accueil","og_description":"Vous cherchez des liens entre les soins de sant\u00e9 et la mission chr\u00e9tienne ? Apprenez comment la m\u00e9decine et l'\u00e9vangile sont int\u00e9gr\u00e9s. La formation de disciples est essentielle.","og_url":"https:\/\/pauljhudson.com\/fr\/","og_site_name":"Healthcare and the Mission of God","article_publisher":"https:\/\/www.facebook.com\/authorpauljhudson","article_modified_time":"2025-07-22T14:46:18+00:00","og_image":[{"url":"https:\/\/pauljhudson.com\/wp-content\/uploads\/2024\/04\/pjh-headshot.jpg","type":"","width":"","height":""}],"twitter_card":"summary_large_image","twitter_site":"@PaulHudsonMD","twitter_misc":{"Dur\u00e9e de lecture estim\u00e9e":"2 minutes"},"schema":{"@context":"https:\/\/schema.org","@graph":[{"@type":"WebPage","@id":"https:\/\/pauljhudson.com\/fr\/","url":"https:\/\/pauljhudson.com\/fr\/","name":"Accueil - Healthcare and the Mission of God","isPartOf":{"@id":"https:\/\/pauljhudson.com\/fr\/#website"},"primaryImageOfPage":{"@id":"https:\/\/pauljhudson.com\/fr\/#primaryimage"},"image":{"@id":"https:\/\/pauljhudson.com\/fr\/#primaryimage"},"thumbnailUrl":"https:\/\/pauljhudson.com\/wp-content\/uploads\/2024\/04\/pjh-headshot.jpg","datePublished":"2024-04-29T15:04:55+00:00","dateModified":"2025-07-22T14:46:18+00:00","description":"Vous cherchez des liens entre les soins de sant\u00e9 et la mission chr\u00e9tienne ? Apprenez comment la m\u00e9decine et l'\u00e9vangile sont int\u00e9gr\u00e9s. La formation de disciples est essentielle.","breadcrumb":{"@id":"https:\/\/pauljhudson.com\/fr\/#breadcrumb"},"inLanguage":"fr-FR","potentialAction":[{"@type":"ReadAction","target":["https:\/\/pauljhudson.com\/fr\/"]}]},{"@type":"ImageObject","inLanguage":"fr-FR","@id":"https:\/\/pauljhudson.com\/fr\/#primaryimage","url":"https:\/\/pauljhudson.com\/wp-content\/uploads\/2024\/04\/pjh-headshot.jpg","contentUrl":"https:\/\/pauljhudson.com\/wp-content\/uploads\/2024\/04\/pjh-headshot.jpg"},{"@type":"BreadcrumbList","@id":"https:\/\/pauljhudson.com\/fr\/#breadcrumb","itemListElement":[{"@type":"ListItem","position":1,"name":"Home","item":"https:\/\/pauljhudson.com\/fr\/"},{"@type":"ListItem","position":2,"name":"Accueil"}]},{"@type":"WebSite","@id":"https:\/\/pauljhudson.com\/fr\/#website","url":"https:\/\/pauljhudson.com\/fr\/","name":"Healthcare and the Mission of God","description":"Serving at the intersection of healthcare and missions","publisher":{"@id":"https:\/\/pauljhudson.com\/fr\/#\/schema\/person\/7619fcad8fc925c71afb56d9a743273e"},"potentialAction":[{"@type":"SearchAction","target":{"@type":"EntryPoint","urlTemplate":"https:\/\/pauljhudson.com\/fr\/?s={search_term_string}"},"query-input":{"@type":"PropertyValueSpecification","valueRequired":true,"valueName":"search_term_string"}}],"inLanguage":"fr-FR"},{"@type":["Person","Organization"],"@id":"https:\/\/pauljhudson.com\/fr\/#\/schema\/person\/7619fcad8fc925c71afb56d9a743273e","name":"Paul Hudson","image":{"@type":"ImageObject","inLanguage":"fr-FR","@id":"https:\/\/i0.wp.com\/pauljhudson.com\/wp-content\/uploads\/2024\/05\/PJHudsonLogo_full-color_Initials.png?fit=648%2C751&ssl=1","url":"https:\/\/i0.wp.com\/pauljhudson.com\/wp-content\/uploads\/2024\/05\/PJHudsonLogo_full-color_Initials.png?fit=648%2C751&ssl=1","contentUrl":"https:\/\/i0.wp.com\/pauljhudson.com\/wp-content\/uploads\/2024\/05\/PJHudsonLogo_full-color_Initials.png?fit=648%2C751&ssl=1","width":648,"height":751,"caption":"Paul Hudson"},"logo":{"@id":"https:\/\/i0.wp.com\/pauljhudson.com\/wp-content\/uploads\/2024\/05\/PJHudsonLogo_full-color_Initials.png?fit=648%2C751&ssl=1"},"description":"I am a physician and epidemiologist who has served in Ethiopia, Nepal, and Thailand over the last three decades. I\u2019ve also had the privilege of helping other medical professionals who serve around the globe. I\u2019ve seen both the blessings and the challenges of these ministries. I invite you to a conversation about how we can better align our work with God\u2019s.","sameAs":["https:\/\/pauljhudson.com","https:\/\/www.facebook.com\/authorpauljhudson","https:\/\/www.linkedin.com\/in\/paul-j-hudson-1a13649a\/","https:\/\/x.com\/https:\/\/x.com\/PaulHudsonMD"],"gender":"Male","publishingPrinciples":"https:\/\/pauljhudson.com\/home\/"}]}},"featured_image_src":"","featured_image_src_square":false,"rbea_author_info":{"display_name":"Elisabeth Kvernen","author_link":"https:\/\/pauljhudson.com\/fr\/author\/elisabeth-k\/"},"rbea_excerpt_info":"Bienvenue ! Bonjour, je suis Paul, l&#8217;auteur de Healthcare and the Mission of God. J&#8217;ai pass\u00e9 plus de trente ans \u00e0 travailler comme m\u00e9decin et \u00e9pid\u00e9miologiste en \u00c9thiopie, au N\u00e9pal et en Tha\u00eflande. Aujourd&#8217;hui, j&#8217;ai l&#8217;occasion de soutenir des professionnels de la sant\u00e9 dans le monde entier. J&#8217;ai \u00e9t\u00e9 t\u00e9moin des hauts et des bas [&hellip;]","jetpack-related-posts":[],"jetpack_sharing_enabled":true,"_links":{"self":[{"href":"https:\/\/pauljhudson.com\/fr\/wp-json\/wp\/v2\/pages\/2409","targetHints":{"allow":["GET"]}}],"collection":[{"href":"https:\/\/pauljhudson.com\/fr\/wp-json\/wp\/v2\/pages"}],"about":[{"href":"https:\/\/pauljhudson.com\/fr\/wp-json\/wp\/v2\/types\/page"}],"author":[{"embeddable":true,"href":"https:\/\/pauljhudson.com\/fr\/wp-json\/wp\/v2\/users\/6"}],"replies":[{"embeddable":true,"href":"https:\/\/pauljhudson.com\/fr\/wp-json\/wp\/v2\/comments?post=2409"}],"version-history":[{"count":5,"href":"https:\/\/pauljhudson.com\/fr\/wp-json\/wp\/v2\/pages\/2409\/revisions"}],"predecessor-version":[{"id":2637,"href":"https:\/\/pauljhudson.com\/fr\/wp-json\/wp\/v2\/pages\/2409\/revisions\/2637"}],"wp:attachment":[{"href":"https:\/\/pauljhudson.com\/fr\/wp-json\/wp\/v2\/media?parent=2409"}],"curies":[{"name":"wp","href":"https:\/\/api.w.org\/{rel}","templated":true}]}}